{"id":524,"date":"2018-01-05T15:33:35","date_gmt":"2018-01-05T14:33:35","guid":{"rendered":"http:\/\/www.ayanederland.nl\/?post_type=product&#038;p=524"},"modified":"2022-01-31T14:29:58","modified_gmt":"2022-01-31T13:29:58","slug":"mineraalstenen-voor-zuiveraar-neos","status":"publish","type":"product","link":"https:\/\/www.ayanederland.nl\/index.php\/product\/mineraalstenen-voor-zuiveraar-neos\/","title":{"rendered":"Mineraalstenen (voor zuiveraar Neos)"},"content":{"rendered":"<p>Geadviseerd wordt om de mineraalstenen van de waterzuiveraar om de drie jaar te vervangen.<\/p>\n<p>De hoge poreusheid van de mineraalstenen in het onderste reservoir bevorderen de vlotte absorptie van mineralen en essenti\u00eble sporenelementen in het water en verrijken het met zuurstof.<\/p>\n<p>De mineraalstenen\u00a0inclusief met collo\u00efdaal zilver ge\u00efmpregneerde stenen om bacterie werking tegen te gaan. De mineraalstenen geven 18 verschillende ge\u00efoniseerde mineralen en sporen elementen af waaronder:<\/p>\n<ul>\n<li>calcium<\/li>\n<li>kobalt<\/li>\n<li>koper<\/li>\n<li>chroom<\/li>\n<li>germanium<\/li>\n<li>jodium<\/li>\n<li>ijzer<\/li>\n<li>kalium<\/li>\n<li>magnesium<\/li>\n<li>mangaan<\/li>\n<li>molybdenum<\/li>\n<li>natrium<\/li>\n<li>fosfor<\/li>\n<li>potassium<\/li>\n<li>selenium<\/li>\n<li>sodium<\/li>\n<li>zwavel<\/li>\n<li>zink<\/li>\n<\/ul>\n<p>&nbsp;<\/p>\n","protected":false},"excerpt":{"rendered":"<p>Geadviseerd wordt om de mineraalstenen van de waterzuiveraar om de drie jaar te vervangen. De hoge poreusheid van de mineraalstenen in het onderste reservoir bevorderen de vlotte absorptie van mineralen en essenti\u00eble sporenelementen in het water en verrijken het met zuurstof. De mineraalstenen\u00a0inclusief met collo\u00efdaal zilver ge\u00efmpregneerde stenen om bacterie werking tegen te gaan. De &hellip; <\/p>\n<p class=\"link-more\"><a href=\"https:\/\/www.ayanederland.nl\/index.php\/product\/mineraalstenen-voor-zuiveraar-neos\/\" class=\"more-link\">Lees verder <span class=\"screen-reader-text\">&#8220;Mineraalstenen (voor zuiveraar Neos)&#8221;<\/span><\/a><\/p>\n","protected":false},"featured_media":518,"template":"","meta":[],"product_brand":[],"product_cat":[20],"product_tag":[],"class_list":{"0":"post-524","1":"product","2":"type-product","3":"status-publish","4":"has-post-thumbnail","6":"product_cat-categorie_5","8":"first","9":"instock","10":"purchasable","11":"product-type-simple"},"_links":{"self":[{"href":"https:\/\/www.ayanederland.nl\/index.php\/wp-json\/wp\/v2\/product\/524","targetHints":{"allow":["GET"]}}],"collection":[{"href":"https:\/\/www.ayanederland.nl\/index.php\/wp-json\/wp\/v2\/product"}],"about":[{"href":"https:\/\/www.ayanederland.nl\/index.php\/wp-json\/wp\/v2\/types\/product"}],"wp:featuredmedia":[{"embeddable":true,"href":"https:\/\/www.ayanederland.nl\/index.php\/wp-json\/wp\/v2\/media\/518"}],"wp:attachment":[{"href":"https:\/\/www.ayanederland.nl\/index.php\/wp-json\/wp\/v2\/media?parent=524"}],"wp:term":[{"taxonomy":"product_brand","embeddable":true,"href":"https:\/\/www.ayanederland.nl\/index.php\/wp-json\/wp\/v2\/product_brand?post=524"},{"taxonomy":"product_cat","embeddable":true,"href":"https:\/\/www.ayanederland.nl\/index.php\/wp-json\/wp\/v2\/product_cat?post=524"},{"taxonomy":"product_tag","embeddable":true,"href":"https:\/\/www.ayanederland.nl\/index.php\/wp-json\/wp\/v2\/product_tag?post=524"}],"curies":[{"name":"wp","href":"https:\/\/api.w.org\/{rel}","templated":true}]}}